{"id":971,"date":"2026-03-13T13:41:38","date_gmt":"2026-03-13T13:41:38","guid":{"rendered":"https:\/\/thoa.thehouseofartists.es\/?page_id=971"},"modified":"2026-03-19T11:09:53","modified_gmt":"2026-03-19T11:09:53","slug":"aviso-legal","status":"publish","type":"page","link":"https:\/\/thehouseofmadrid.es\/zh\/aviso-legal\/","title":{"rendered":"\u6cd5\u5f8b\u58f0\u660e"},"content":{"rendered":"<div data-elementor-type=\"wp-page\" data-elementor-id=\"971\" class=\"elementor elementor-971\" data-elementor-post-type=\"page\">\n\t\t\t\t<div class=\"elementor-element elementor-element-5f3b6d28 e-flex e-con-boxed e-con e-parent\" data-id=\"5f3b6d28\" data-element_type=\"container\" data-settings=\"{&quot;background_background&quot;:&quot;slideshow&quot;,&quot;background_slideshow_gallery&quot;:[{&quot;id&quot;:166,&quot;url&quot;:&quot;https:\\\/\\\/thoa.thehouseofartists.es\\\/wp-content\\\/uploads\\\/2025\\\/06\\\/Copia-de-_DSC9030-scaled.jpg&quot;},{&quot;id&quot;:167,&quot;url&quot;:&quot;https:\\\/\\\/thoa.thehouseofartists.es\\\/wp-content\\\/uploads\\\/2025\\\/06\\\/Copia-de-_N9A6071.jpg&quot;},{&quot;id&quot;:169,&quot;url&quot;:&quot;https:\\\/\\\/thoa.thehouseofartists.es\\\/wp-content\\\/uploads\\\/2025\\\/06\\\/Copia-de-_DSC9067-scaled-1.jpg&quot;},{&quot;id&quot;:170,&quot;url&quot;:&quot;https:\\\/\\\/thoa.thehouseofartists.es\\\/wp-content\\\/uploads\\\/2025\\\/06\\\/Copia-de-_A4A4154-scaled.jpg&quot;}],&quot;background_slideshow_ken_burns&quot;:&quot;yes&quot;,&quot;background_slideshow_loop&quot;:&quot;yes&quot;,&quot;background_slideshow_slide_duration&quot;:5000,&quot;background_slideshow_slide_transition&quot;:&quot;fade&quot;,&quot;background_slideshow_transition_duration&quot;:500,&quot;background_slideshow_ken_burns_zoom_direction&quot;:&quot;in&quot;}\">\n\t\t\t\t\t<div class=\"e-con-inner\">\n\t\t<div class=\"elementor-element elementor-element-3ac276e5 e-con-full e-flex e-con e-child\" data-id=\"3ac276e5\" data-element_type=\"container\">\n\t\t<div class=\"elementor-element elementor-element-9568d3a e-con-full e-flex e-con e-child\" data-id=\"9568d3a\" data-element_type=\"container\">\n\t\t\t\t<div class=\"elementor-element elementor-element-63628b72 elementor-widget elementor-widget-elementskit-heading\" data-id=\"63628b72\" data-element_type=\"widget\" data-widget_type=\"elementskit-heading.default\">\n\t\t\t\t<div class=\"elementor-widget-container\">\n\t\t\t\t\t<div class=\"ekit-wid-con\" ><div class=\"ekit-heading elementskit-section-title-wraper text_left   ekit_heading_tablet-   ekit_heading_mobile-\"><h1 class=\"ekit-heading--title elementskit-section-title\">\u6cd5\u5f8b\u58f0\u660e<\/h1><\/div><\/div>\t\t\t\t<\/div>\n\t\t\t\t<\/div>\n\t\t\t\t<\/div>\n\t\t\t\t<\/div>\n\t\t\t\t\t<\/div>\n\t\t\t\t<\/div>\n\t\t<div class=\"elementor-element elementor-element-2e03948 e-con-full e-flex e-con e-parent\" data-id=\"2e03948\" data-element_type=\"container\">\n\t\t<div class=\"elementor-element elementor-element-445efd5 e-con-full e-flex e-con e-child\" data-id=\"445efd5\" data-element_type=\"container\">\n\t\t\t\t<div class=\"elementor-element elementor-element-d527749 elementor-invisible elementor-widget elementor-widget-text-editor\" data-id=\"d527749\" data-element_type=\"widget\" data-settings=\"{&quot;_animation&quot;:&quot;fadeInUp&quot;}\" data-widget_type=\"text-editor.default\">\n\t\t\t\t<div class=\"elementor-widget-container\">\n\t\t\t\t\t\t\t\t\t\u66f4\u65b0\u4e8e 2025 \u5e74 3 \u6708 27 \u65e5\n<h2>1. \u7b80\u4ecb<\/h2>\n\u6b22\u8fce\u6765\u5230 <a href=\"https:\/\/thehouseofmadrid.es\/zh\/\">https:\/\/thehouseofmadrid.es<\/a>. Al acceder y utilizar este sitio web, aceptas cumplir con los siguientes t\u00e9rminos y condiciones. Si no est\u00e1s de acuerdo con estos t\u00e9rminos y condiciones en su totalidad o en parte, no debes utilizar nuestro sitio web para contratar nuestros servicios.\n\nEl responsable de esta p\u00e1gina web y de los servicios que se ofrecen en ella es **The House of Artists Community, S.L.** con **NIF B88205844** y domicilio social en calle Recoletos, 23, 28001, Madrid. Puedes contactar con nosotros en nuestro domicilio social, por correo postal o dirigi\u00e9ndote al email <a href=\"mailto:info@thehouseofmadrid.es\">info@thehouseofmadrid.es<\/a>.\n<h2>2. \u7f51\u7ad9\u4f7f\u7528<\/h2>\n\u672c\u7f51\u7ad9\u7684\u8bbf\u95ee\u514d\u8d39\u3002\u4f7f\u7528\u672c\u7f51\u7ad9\u65f6\uff0c\u4f60\u9700\u63d0\u4f9b\u771f\u5b9e\u548c\u6700\u65b0\u7684\u4fe1\u606f\u3002\n<h2>3. \u6ce8\u518c<\/h2>\nPara acceder a m\u00e1s informaci\u00f3n sobre nuestros servicios te solicitamos en nuestro sitio web que cumplimentes un formulario con informaci\u00f3n necesaria para ofrecerte la mejor opci\u00f3n de servicio para tus intereses.\n\nUna vez des tu consentimiento para el uso de tus datos, por medio de la aceptaci\u00f3n de nuestra **pol\u00edtica de privacidad** y nos permitas contactar contigo, te informaremos en detalle de la disponibilidad y servicios de nuestros alojamientos.\n\nDesde nuestro sitio web no es posible contratar nuestros servicios, si no establecer un contacto inicial que sirva de base a la posible firma posterior de un contrato.\n<h2>4. \u9690\u79c1\u653f\u7b56<\/h2>\n\u6211\u4eec\u627f\u8bfa\u4fdd\u62a4\u4f60\u7684\u9690\u79c1\u3002\u8be6\u60c5\u8bf7\u53c2\u9605\u6211\u4eec\u7684**\u9690\u79c1\u653f\u7b56**\u3002\n<h2>5. \u77e5\u8bc6\u4ea7\u6743<\/h2>\n\u672c\u7f51\u7ad9\u5168\u90e8\u5185\u5bb9\uff0c\u5305\u62ec\u6587\u5b57\u3001\u56fe\u5f62\u3001\u6807\u8bc6\u3001\u56fe\u7247\u548c\u8f6f\u4ef6\uff0c\u5747\u4e3a **The House of Artists Community, S.L.** \u6216\u5176\u6388\u6743\u65b9\u6240\u6709\uff0c\u5e76\u53d7\u77e5\u8bc6\u4ea7\u6743\u6cd5\u5f8b\u4fdd\u62a4\u3002\n<h2>6. \u7b2c\u4e09\u65b9\u7f51\u7ad9\u94fe\u63a5<\/h2>\n\u6211\u4eec\u7684\u7f51\u7ad9\u53ef\u80fd\u5305\u542b\u7b2c\u4e09\u65b9\u7f51\u7ad9\u94fe\u63a5\u3002\u6211\u4eec\u5bf9\u8fd9\u4e9b\u7f51\u7ad9\u7684\u5185\u5bb9\u4e0d\u8d1f\u4efb\u4f55\u8d23\u4efb\u3002\n<h2>7. \u6761\u6b3e\u4fee\u6539<\/h2>\n\u6211\u4eec\u4fdd\u7559\u968f\u65f6\u4fee\u6539\u672c\u6761\u6b3e\u7684\u6743\u5229\u3002\u4fee\u6539\u5728\u7f51\u7ad9\u53d1\u5e03\u540e\u7acb\u5373\u751f\u6548\uff0c\u8bf7\u5b9a\u671f\u67e5\u9605\u3002\n<h2>8. \u9002\u7528\u6cd5\u5f8b<\/h2>\n\u672c\u6761\u6b3e\u53d7**\u897f\u73ed\u7259**\u6cd5\u5f8b\u7ba1\u8f96\u5e76\u636e\u6b64\u89e3\u91ca\u3002\u4efb\u4f55\u4e89\u8bae\u5747\u7531**\u9a6c\u5fb7\u91cc**\u6cd5\u9662\u4e13\u5c5e\u7ba1\u8f96\u3002\n<h2>9. \u8054\u7cfb\u65b9\u5f0f<\/h2>\n\u5982\u5bf9\u672c\u6761\u6b3e\u6709\u4efb\u4f55\u7591\u95ee\uff0c\u53ef\u901a\u8fc7\u4ee5\u4e0b\u65b9\u5f0f\u8054\u7cfb\u6211\u4eec <a href=\"mailto:info@thehouseofmadrid.es\">info@thehouseofmadrid.es<\/a>.\t\t\t\t\t\t\t\t<\/div>\n\t\t\t\t<\/div>\n\t\t\t\t<\/div>\n\t\t\t\t<\/div>\n\t\t<div class=\"elementor-element elementor-element-bebe93d e-con-full e-flex e-con e-parent\" data-id=\"bebe93d\" data-element_type=\"container\" data-settings=\"{&quot;background_background&quot;:&quot;classic&quot;}\">\n\t\t<div class=\"elementor-element elementor-element-0a47722 e-flex e-con-boxed e-con e-child\" data-id=\"0a47722\" data-element_type=\"container\" data-settings=\"{&quot;background_background&quot;:&quot;classic&quot;}\">\n\t\t\t\t\t<div class=\"e-con-inner\">\n\t\t<div class=\"elementor-element elementor-element-e8f3293 e-con-full e-flex e-con e-child\" data-id=\"e8f3293\" data-element_type=\"container\">\n\t\t<div class=\"elementor-element elementor-element-545af8e e-con-full e-flex e-con e-child\" data-id=\"545af8e\" data-element_type=\"container\">\n\t\t\t\t<div class=\"elementor-element elementor-element-7efc226 elementor-widget elementor-widget-image\" data-id=\"7efc226\" data-element_type=\"widget\" data-widget_type=\"image.default\">\n\t\t\t\t<div class=\"elementor-widget-container\">\n\t\t\t\t\t\t\t\t\t\t\t\t\t\t\t\t<a href=\"#\">\n\t\t\t\t\t\t\t<img decoding=\"async\" src=\"https:\/\/thoa.thehouseofartists.es\/wp-content\/uploads\/2025\/06\/Isotipo-House-of-Artists-w.webp\" title=\"\" alt=\"Logotipo The House of Artist\" loading=\"lazy\" \/>\t\t\t\t\t\t\t\t<\/a>\n\t\t\t\t\t\t\t\t\t\t\t\t\t\t\t<\/div>\n\t\t\t\t<\/div>\n\t\t\t\t<div class=\"elementor-element elementor-element-b0d88cf elementor-widget elementor-widget-text-editor\" data-id=\"b0d88cf\" data-element_type=\"widget\" data-widget_type=\"text-editor.default\">\n\t\t\t\t<div class=\"elementor-widget-container\">\n\t\t\t\t\t\t\t\t\t<p>\u9a6c\u5fb7\u91cc\u5b66\u751f\u516c\u5bd3<\/p>\t\t\t\t\t\t\t\t<\/div>\n\t\t\t\t<\/div>\n\t\t\t\t<div class=\"elementor-element elementor-element-aed7ff0 e-grid-align-left elementor-shape-rounded elementor-grid-0 elementor-widget elementor-widget-social-icons\" data-id=\"aed7ff0\" data-element_type=\"widget\" data-widget_type=\"social-icons.default\">\n\t\t\t\t<div class=\"elementor-widget-container\">\n\t\t\t\t\t\t\t<div class=\"elementor-social-icons-wrapper elementor-grid\" role=\"list\">\n\t\t\t\t\t\t\t<span class=\"elementor-grid-item\" role=\"listitem\">\n\t\t\t\t\t<a class=\"elementor-icon elementor-social-icon elementor-social-icon-instagram elementor-repeater-item-e19f0c7\" href=\"https:\/\/www.instagram.com\/thehouseofmadrid.es\" target=\"_blank\">\n\t\t\t\t\t\t<span class=\"elementor-screen-only\">Instagram<\/span>\n\t\t\t\t\t\t<svg class=\"e-font-icon-svg e-fab-instagram\" viewBox=\"0 0 448 512\" xmlns=\"http:\/\/www.w3.org\/2000\/svg\"><path d=\"M224.1 141c-63.6 0-114.9 51.3-114.9 114.9s51.3 114.9 114.9 114.9S339 319.5 339 255.9 287.7 141 224.1 141zm0 189.6c-41.1 0-74.7-33.5-74.7-74.7s33.5-74.7 74.7-74.7 74.7 33.5 74.7 74.7-33.6 74.7-74.7 74.7zm146.4-194.3c0 14.9-12 26.8-26.8 26.8-14.9 0-26.8-12-26.8-26.8s12-26.8 26.8-26.8 26.8 12 26.8 26.8zm76.1 27.2c-1.7-35.9-9.9-67.7-36.2-93.9-26.2-26.2-58-34.4-93.9-36.2-37-2.1-147.9-2.1-184.9 0-35.8 1.7-67.6 9.9-93.9 36.1s-34.4 58-36.2 93.9c-2.1 37-2.1 147.9 0 184.9 1.7 35.9 9.9 67.7 36.2 93.9s58 34.4 93.9 36.2c37 2.1 147.9 2.1 184.9 0 35.9-1.7 67.7-9.9 93.9-36.2 26.2-26.2 34.4-58 36.2-93.9 2.1-37 2.1-147.8 0-184.8zM398.8 388c-7.8 19.6-22.9 34.7-42.6 42.6-29.5 11.7-99.5 9-132.1 9s-102.7 2.6-132.1-9c-19.6-7.8-34.7-22.9-42.6-42.6-11.7-29.5-9-99.5-9-132.1s-2.6-102.7 9-132.1c7.8-19.6 22.9-34.7 42.6-42.6 29.5-11.7 99.5-9 132.1-9s102.7-2.6 132.1 9c19.6 7.8 34.7 22.9 42.6 42.6 11.7 29.5 9 99.5 9 132.1s2.7 102.7-9 132.1z\"><\/path><\/svg>\t\t\t\t\t<\/a>\n\t\t\t\t<\/span>\n\t\t\t\t\t\t\t<span class=\"elementor-grid-item\" role=\"listitem\">\n\t\t\t\t\t<a class=\"elementor-icon elementor-social-icon elementor-social-icon-tiktok elementor-repeater-item-c8beb12\" href=\"https:\/\/www.tiktok.com\/@thehouseofcreativ\" target=\"_blank\">\n\t\t\t\t\t\t<span class=\"elementor-screen-only\">TikTok<\/span>\n\t\t\t\t\t\t<svg class=\"e-font-icon-svg e-fab-tiktok\" viewBox=\"0 0 448 512\" xmlns=\"http:\/\/www.w3.org\/2000\/svg\"><path d=\"M448,209.91a210.06,210.06,0,0,1-122.77-39.25V349.38A162.55,162.55,0,1,1,185,188.31V278.2a74.62,74.62,0,1,0,52.23,71.18V0l88,0a121.18,121.18,0,0,0,1.86,22.17h0A122.18,122.18,0,0,0,381,102.39a121.43,121.43,0,0,0,67,20.14Z\"><\/path><\/svg>\t\t\t\t\t<\/a>\n\t\t\t\t<\/span>\n\t\t\t\t\t<\/div>\n\t\t\t\t\t\t<\/div>\n\t\t\t\t<\/div>\n\t\t\t\t<\/div>\n\t\t<div class=\"elementor-element elementor-element-8f92b5a e-con-full e-flex e-con e-child\" data-id=\"8f92b5a\" data-element_type=\"container\">\n\t\t\t\t<div class=\"elementor-element elementor-element-3cabdec elementor-widget elementor-widget-heading\" data-id=\"3cabdec\" data-element_type=\"widget\" data-widget_type=\"heading.default\">\n\t\t\t\t<div class=\"elementor-widget-container\">\n\t\t\t\t\t<h4 class=\"elementor-heading-title elementor-size-default\">\u8054\u7cfb\u65b9\u5f0f<\/h4>\t\t\t\t<\/div>\n\t\t\t\t<\/div>\n\t\t<div class=\"elementor-element elementor-element-2f915b0 e-con-full e-flex e-con e-child\" data-id=\"2f915b0\" data-element_type=\"container\">\n\t\t\t\t<div class=\"elementor-element elementor-element-3f1682a elementor-position-left elementor-mobile-position-left elementor-vertical-align-middle elementor-vertical-align-middle elementor-view-stacked elementor-shape-square elementor-widget elementor-widget-icon-box\" data-id=\"3f1682a\" data-element_type=\"widget\" data-widget_type=\"icon-box.default\">\n\t\t\t\t<div class=\"elementor-widget-container\">\n\t\t\t\t\t\t\t<div class=\"elementor-icon-box-wrapper\">\n\n\t\t\t\t\t\t<div class=\"elementor-icon-box-icon\">\n\t\t\t\t<a href=\"tel:+34611959286\" class=\"elementor-icon\" tabindex=\"-1\" aria-label=\"\u7535\u8bdd\">\n\t\t\t\t<i aria-hidden=\"true\" class=\"icon icon-phone-handset\"><\/i>\t\t\t\t<\/a>\n\t\t\t<\/div>\n\t\t\t\n\t\t\t\t\t\t<div class=\"elementor-icon-box-content\">\n\n\t\t\t\t\t\t\t\t\t<h6 class=\"elementor-icon-box-title\">\n\t\t\t\t\t\t<a href=\"tel:+34611959286\" >\n\t\t\t\t\t\t\t\u7535\u8bdd\t\t\t\t\t\t<\/a>\n\t\t\t\t\t<\/h6>\n\t\t\t\t\n\t\t\t\t\t\t\t\t\t<p class=\"elementor-icon-box-description\">\n\t\t\t\t\t\t<span style=\"font-size: 17.6px;\">+34 611 959 286<\/span>\t\t\t\t\t<\/p>\n\t\t\t\t\n\t\t\t<\/div>\n\t\t\t\n\t\t<\/div>\n\t\t\t\t\t\t<\/div>\n\t\t\t\t<\/div>\n\t\t\t\t<\/div>\n\t\t<div class=\"elementor-element elementor-element-538bba7 e-con-full e-flex e-con e-child\" data-id=\"538bba7\" data-element_type=\"container\">\n\t\t\t\t<div class=\"elementor-element elementor-element-5472a57 elementor-position-left elementor-mobile-position-left elementor-vertical-align-middle elementor-vertical-align-middle elementor-view-stacked elementor-shape-square elementor-widget elementor-widget-icon-box\" data-id=\"5472a57\" data-element_type=\"widget\" data-widget_type=\"icon-box.default\">\n\t\t\t\t<div class=\"elementor-widget-container\">\n\t\t\t\t\t\t\t<div class=\"elementor-icon-box-wrapper\">\n\n\t\t\t\t\t\t<div class=\"elementor-icon-box-icon\">\n\t\t\t\t<a href=\"mailto:reservas@thehouseofartists.es\" class=\"elementor-icon\" tabindex=\"-1\" aria-label=\"\u7535\u5b50\u90ae\u7bb1 \">\n\t\t\t\t<i aria-hidden=\"true\" class=\"icon icon-email\"><\/i>\t\t\t\t<\/a>\n\t\t\t<\/div>\n\t\t\t\n\t\t\t\t\t\t<div class=\"elementor-icon-box-content\">\n\n\t\t\t\t\t\t\t\t\t<h6 class=\"elementor-icon-box-title\">\n\t\t\t\t\t\t<a href=\"mailto:reservas@thehouseofartists.es\" >\n\t\t\t\t\t\t\t\u7535\u5b50\u90ae\u7bb1 \t\t\t\t\t\t<\/a>\n\t\t\t\t\t<\/h6>\n\t\t\t\t\n\t\t\t\t\t\t\t\t\t<p class=\"elementor-icon-box-description\">\n\t\t\t\t\t\treservas@thehouseofartists.es\t\t\t\t\t<\/p>\n\t\t\t\t\n\t\t\t<\/div>\n\t\t\t\n\t\t<\/div>\n\t\t\t\t\t\t<\/div>\n\t\t\t\t<\/div>\n\t\t\t\t<\/div>\n\t\t<div class=\"elementor-element elementor-element-6fcf82d e-con-full e-flex e-con e-child\" data-id=\"6fcf82d\" data-element_type=\"container\">\n\t\t\t\t<div class=\"elementor-element elementor-element-98f2df0 elementor-position-left elementor-mobile-position-left elementor-vertical-align-middle elementor-vertical-align-middle elementor-view-default elementor-widget elementor-widget-icon-box\" data-id=\"98f2df0\" data-element_type=\"widget\" data-widget_type=\"icon-box.default\">\n\t\t\t\t<div class=\"elementor-widget-container\">\n\t\t\t\t\t\t\t<div class=\"elementor-icon-box-wrapper\">\n\n\t\t\t\t\t\t<div class=\"elementor-icon-box-icon\">\n\t\t\t\t<span  class=\"elementor-icon\">\n\t\t\t\t<i aria-hidden=\"true\" class=\"icon icon-location\"><\/i>\t\t\t\t<\/span>\n\t\t\t<\/div>\n\t\t\t\n\t\t\t\t\t\t<div class=\"elementor-icon-box-content\">\n\n\t\t\t\t\t\t\t\t\t<h6 class=\"elementor-icon-box-title\">\n\t\t\t\t\t\t<span  >\n\t\t\t\t\t\t\t\u5730\u5740\t\t\t\t\t\t<\/span>\n\t\t\t\t\t<\/h6>\n\t\t\t\t\n\t\t\t\t\t\t\t\t\t<p class=\"elementor-icon-box-description\">\n\t\t\t\t\t\tC\/ Don Ram\u00f3n de la Cruz, 67. <br>28001 \u9a6c\u5fb7\u91cc \t\t\t\t\t<\/p>\n\t\t\t\t\n\t\t\t<\/div>\n\t\t\t\n\t\t<\/div>\n\t\t\t\t\t\t<\/div>\n\t\t\t\t<\/div>\n\t\t\t\t<\/div>\n\t\t\t\t<\/div>\n\t\t\t\t<\/div>\n\t\t<div class=\"elementor-element elementor-element-11538bd e-con-full e-flex e-con e-child\" data-id=\"11538bd\" data-element_type=\"container\">\n\t\t\t\t<div class=\"elementor-element elementor-element-f1bae51 elementor-widget elementor-widget-heading\" data-id=\"f1bae51\" data-element_type=\"widget\" data-widget_type=\"heading.default\">\n\t\t\t\t<div class=\"elementor-widget-container\">\n\t\t\t\t\t<div class=\"elementor-heading-title elementor-size-default\">Copyright \u00a9 2026 The House of Artists. \u7248\u6743\u6240\u6709 <\/div>\t\t\t\t<\/div>\n\t\t\t\t<\/div>\n\t\t\t\t<div class=\"elementor-element elementor-element-f065ac1 elementor-icon-list--layout-inline elementor-mobile-align-center elementor-list-item-link-full_width elementor-widget elementor-widget-icon-list\" data-id=\"f065ac1\" data-element_type=\"widget\" data-widget_type=\"icon-list.default\">\n\t\t\t\t<div class=\"elementor-widget-container\">\n\t\t\t\t\t\t\t<ul class=\"elementor-icon-list-items elementor-inline-items\">\n\t\t\t\t\t\t\t<li class=\"elementor-icon-list-item elementor-inline-item\">\n\t\t\t\t\t\t\t\t\t\t\t<a href=\"\/zh\/aviso-legal\/\">\n\n\t\t\t\t\t\t\t\t\t\t\t<span class=\"elementor-icon-list-text\">\u6cd5\u5f8b\u58f0\u660e<\/span>\n\t\t\t\t\t\t\t\t\t\t\t<\/a>\n\t\t\t\t\t\t\t\t\t<\/li>\n\t\t\t\t\t\t\t\t<li class=\"elementor-icon-list-item elementor-inline-item\">\n\t\t\t\t\t\t\t\t\t\t\t<a href=\"\/zh\/politica-de-privacidad\/\">\n\n\t\t\t\t\t\t\t\t\t\t\t<span class=\"elementor-icon-list-text\">\u9690\u79c1\u653f\u7b56<\/span>\n\t\t\t\t\t\t\t\t\t\t\t<\/a>\n\t\t\t\t\t\t\t\t\t<\/li>\n\t\t\t\t\t\t\t\t<li class=\"elementor-icon-list-item elementor-inline-item\">\n\t\t\t\t\t\t\t\t\t\t\t<a href=\"\/zh\/politica-de-cookies-ue\/\">\n\n\t\t\t\t\t\t\t\t\t\t\t<span class=\"elementor-icon-list-text\"> Cookie \u653f\u7b56<\/span>\n\t\t\t\t\t\t\t\t\t\t\t<\/a>\n\t\t\t\t\t\t\t\t\t<\/li>\n\t\t\t\t\t\t<\/ul>\n\t\t\t\t\t\t<\/div>\n\t\t\t\t<\/div>\n\t\t\t\t<\/div>\n\t\t\t\t\t<\/div>\n\t\t\t\t<\/div>\n\t\t\t\t<\/div>\n\t\t\t\t<\/div>","protected":false},"excerpt":{"rendered":"<p>Aviso Legal Actualizado el 27 de marzo de 2025 1. Introducci\u00f3n Bienvenido a https:\/\/thehouseofmadrid.es. Al acceder y utilizar este sitio web, aceptas cumplir con los siguientes t\u00e9rminos y condiciones. Si no est\u00e1s de acuerdo con estos t\u00e9rminos y condiciones en su totalidad o en parte, no debes utilizar nuestro sitio web para contratar nuestros servicios. [&hellip;]<\/p>","protected":false},"author":2,"featured_media":269,"parent":0,"menu_order":0,"comment_status":"closed","ping_status":"closed","template":"","meta":{"footnotes":""},"class_list":["post-971","page","type-page","status-publish","has-post-thumbnail","hentry"],"yoast_head":"<!-- This site is optimized with the Yoast SEO plugin v25.3.1 - https:\/\/yoast.com\/wordpress\/plugins\/seo\/ -->\n<title>Residencia Estudiantes Madrid - The House of Madrid - \u00daltimas Plazas<\/title>\n<meta name=\"description\" content=\"Al\u00f3jate desde solo 1348 \u20ac\/mes \u2014 estudios privados, servicios todo incluido y una comunidad estudiantil vibrante en el mejor barrio de Madrid\" \/>\n<meta name=\"robots\" content=\"index, follow, max-snippet:-1, max-image-preview:large, max-video-preview:-1\" \/>\n<link rel=\"canonical\" href=\"https:\/\/thehouseofmadrid.es\/zh\/aviso-legal\/\" \/>\n<meta property=\"og:locale\" content=\"zh_CN\" \/>\n<meta property=\"og:type\" content=\"article\" \/>\n<meta property=\"og:title\" content=\"Residencia Estudiantes Madrid - The House of Madrid - \u00daltimas Plazas\" \/>\n<meta property=\"og:description\" content=\"Al\u00f3jate desde solo 1348 \u20ac\/mes \u2014 estudios privados, servicios todo incluido y una comunidad estudiantil vibrante en el mejor barrio de Madrid\" \/>\n<meta property=\"og:url\" content=\"https:\/\/thehouseofmadrid.es\/zh\/aviso-legal\/\" \/>\n<meta property=\"og:site_name\" content=\"The House of Madrid\" \/>\n<meta property=\"article:modified_time\" content=\"2026-03-19T11:09:53+00:00\" \/>\n<meta property=\"og:image\" content=\"https:\/\/thehouseofmadrid.es\/wp-content\/uploads\/2025\/06\/THOC_4.png\" \/>\n\t<meta property=\"og:image:width\" content=\"1186\" \/>\n\t<meta property=\"og:image:height\" content=\"596\" \/>\n\t<meta property=\"og:image:type\" content=\"image\/png\" \/>\n<meta name=\"twitter:card\" content=\"summary_large_image\" \/>\n<meta name=\"twitter:label1\" content=\"\u9884\u8ba1\u9605\u8bfb\u65f6\u95f4\" \/>\n\t<meta name=\"twitter:data1\" content=\"3 \u5206\" \/>\n<script type=\"application\/ld+json\" class=\"yoast-schema-graph\">{\"@context\":\"https:\/\/schema.org\",\"@graph\":[{\"@type\":\"WebPage\",\"@id\":\"https:\/\/thehouseofmadrid.es\/aviso-legal\/\",\"url\":\"https:\/\/thehouseofmadrid.es\/aviso-legal\/\",\"name\":\"Residencia Estudiantes Madrid - The House of Madrid - \u00daltimas Plazas\",\"isPartOf\":{\"@id\":\"https:\/\/thehouseofmadrid.es\/#website\"},\"primaryImageOfPage\":{\"@id\":\"https:\/\/thehouseofmadrid.es\/aviso-legal\/#primaryimage\"},\"image\":{\"@id\":\"https:\/\/thehouseofmadrid.es\/aviso-legal\/#primaryimage\"},\"thumbnailUrl\":\"https:\/\/thehouseofmadrid.es\/wp-content\/uploads\/2025\/06\/THOC_4.png\",\"datePublished\":\"2026-03-13T13:41:38+00:00\",\"dateModified\":\"2026-03-19T11:09:53+00:00\",\"description\":\"Al\u00f3jate desde solo 1348 \u20ac\/mes \u2014 estudios privados, servicios todo incluido y una comunidad estudiantil vibrante en el mejor barrio de Madrid\",\"breadcrumb\":{\"@id\":\"https:\/\/thehouseofmadrid.es\/aviso-legal\/#breadcrumb\"},\"inLanguage\":\"zh-Hans\",\"potentialAction\":[{\"@type\":\"ReadAction\",\"target\":[\"https:\/\/thehouseofmadrid.es\/aviso-legal\/\"]}]},{\"@type\":\"ImageObject\",\"inLanguage\":\"zh-Hans\",\"@id\":\"https:\/\/thehouseofmadrid.es\/aviso-legal\/#primaryimage\",\"url\":\"https:\/\/thehouseofmadrid.es\/wp-content\/uploads\/2025\/06\/THOC_4.png\",\"contentUrl\":\"https:\/\/thehouseofmadrid.es\/wp-content\/uploads\/2025\/06\/THOC_4.png\",\"width\":1186,\"height\":596},{\"@type\":\"BreadcrumbList\",\"@id\":\"https:\/\/thehouseofmadrid.es\/aviso-legal\/#breadcrumb\",\"itemListElement\":[{\"@type\":\"ListItem\",\"position\":1,\"name\":\"Portada\",\"item\":\"https:\/\/thehouseofmadrid.es\/\"},{\"@type\":\"ListItem\",\"position\":2,\"name\":\"Aviso Legal\"}]},{\"@type\":\"WebSite\",\"@id\":\"https:\/\/thehouseofmadrid.es\/#website\",\"url\":\"https:\/\/thehouseofmadrid.es\/\",\"name\":\"The House of Madrid\",\"description\":\"Residencia de Estudiantes en Madrid\",\"potentialAction\":[{\"@type\":\"SearchAction\",\"target\":{\"@type\":\"EntryPoint\",\"urlTemplate\":\"https:\/\/thehouseofmadrid.es\/?s={search_term_string}\"},\"query-input\":{\"@type\":\"PropertyValueSpecification\",\"valueRequired\":true,\"valueName\":\"search_term_string\"}}],\"inLanguage\":\"zh-Hans\"}]}<\/script>\n<!-- \/ Yoast SEO plugin. -->","yoast_head_json":{"title":"\u9a6c\u5fb7\u91cc\u5b66\u751f\u516c\u5bd3 - The House of Madrid - \u6700\u540e\u5ba2\u623f","description":"\u6bcf\u6708\u4ec5\u9700 1,348 \u6b27\u5143\u8d77\u2014\u2014\u79c1\u4eba\u5ba2\u623f\u3001\u5168\u5305\u5f0f\u670d\u52a1\uff0c\u5165\u4f4f\u9a6c\u5fb7\u91cc\u6700\u4f73\u8857\u533a\u5145\u6ee1\u6d3b\u529b\u7684\u5b66\u751f\u793e\u533a","robots":{"index":"index","follow":"follow","max-snippet":"max-snippet:-1","max-image-preview":"max-image-preview:large","max-video-preview":"max-video-preview:-1"},"canonical":"https:\/\/thehouseofmadrid.es\/zh\/aviso-legal\/","og_locale":"zh_CN","og_type":"article","og_title":"Residencia Estudiantes Madrid - The House of Madrid - \u00daltimas Plazas","og_description":"Al\u00f3jate desde solo 1348 \u20ac\/mes \u2014 estudios privados, servicios todo incluido y una comunidad estudiantil vibrante en el mejor barrio de Madrid","og_url":"https:\/\/thehouseofmadrid.es\/zh\/aviso-legal\/","og_site_name":"The House of Madrid","article_modified_time":"2026-03-19T11:09:53+00:00","og_image":[{"width":1186,"height":596,"url":"https:\/\/thehouseofmadrid.es\/wp-content\/uploads\/2025\/06\/THOC_4.png","type":"image\/png"}],"twitter_card":"summary_large_image","twitter_misc":{"\u9884\u8ba1\u9605\u8bfb\u65f6\u95f4":"3 \u5206"},"schema":{"@context":"https:\/\/schema.org","@graph":[{"@type":"WebPage","@id":"https:\/\/thehouseofmadrid.es\/aviso-legal\/","url":"https:\/\/thehouseofmadrid.es\/aviso-legal\/","name":"\u9a6c\u5fb7\u91cc\u5b66\u751f\u516c\u5bd3 - The House of Madrid - \u6700\u540e\u5ba2\u623f","isPartOf":{"@id":"https:\/\/thehouseofmadrid.es\/#website"},"primaryImageOfPage":{"@id":"https:\/\/thehouseofmadrid.es\/aviso-legal\/#primaryimage"},"image":{"@id":"https:\/\/thehouseofmadrid.es\/aviso-legal\/#primaryimage"},"thumbnailUrl":"https:\/\/thehouseofmadrid.es\/wp-content\/uploads\/2025\/06\/THOC_4.png","datePublished":"2026-03-13T13:41:38+00:00","dateModified":"2026-03-19T11:09:53+00:00","description":"\u6bcf\u6708\u4ec5\u9700 1,348 \u6b27\u5143\u8d77\u2014\u2014\u79c1\u4eba\u5ba2\u623f\u3001\u5168\u5305\u5f0f\u670d\u52a1\uff0c\u5165\u4f4f\u9a6c\u5fb7\u91cc\u6700\u4f73\u8857\u533a\u5145\u6ee1\u6d3b\u529b\u7684\u5b66\u751f\u793e\u533a","breadcrumb":{"@id":"https:\/\/thehouseofmadrid.es\/aviso-legal\/#breadcrumb"},"inLanguage":"zh-Hans","potentialAction":[{"@type":"ReadAction","target":["https:\/\/thehouseofmadrid.es\/aviso-legal\/"]}]},{"@type":"ImageObject","inLanguage":"zh-Hans","@id":"https:\/\/thehouseofmadrid.es\/aviso-legal\/#primaryimage","url":"https:\/\/thehouseofmadrid.es\/wp-content\/uploads\/2025\/06\/THOC_4.png","contentUrl":"https:\/\/thehouseofmadrid.es\/wp-content\/uploads\/2025\/06\/THOC_4.png","width":1186,"height":596},{"@type":"BreadcrumbList","@id":"https:\/\/thehouseofmadrid.es\/aviso-legal\/#breadcrumb","itemListElement":[{"@type":"ListItem","position":1,"name":"Portada","item":"https:\/\/thehouseofmadrid.es\/"},{"@type":"ListItem","position":2,"name":"Aviso Legal"}]},{"@type":"WebSite","@id":"https:\/\/thehouseofmadrid.es\/#website","url":"https:\/\/thehouseofmadrid.es\/","name":"The House of Madrid","description":"\u9a6c\u5fb7\u91cc\u5b66\u751f\u516c\u5bd3","potentialAction":[{"@type":"SearchAction","target":{"@type":"EntryPoint","urlTemplate":"https:\/\/thehouseofmadrid.es\/?s={search_term_string}"},"query-input":{"@type":"PropertyValueSpecification","valueRequired":true,"valueName":"search_term_string"}}],"inLanguage":"zh-Hans"}]}},"_links":{"self":[{"href":"https:\/\/thehouseofmadrid.es\/zh\/wp-json\/wp\/v2\/pages\/971","targetHints":{"allow":["GET"]}}],"collection":[{"href":"https:\/\/thehouseofmadrid.es\/zh\/wp-json\/wp\/v2\/pages"}],"about":[{"href":"https:\/\/thehouseofmadrid.es\/zh\/wp-json\/wp\/v2\/types\/page"}],"author":[{"embeddable":true,"href":"https:\/\/thehouseofmadrid.es\/zh\/wp-json\/wp\/v2\/users\/2"}],"replies":[{"embeddable":true,"href":"https:\/\/thehouseofmadrid.es\/zh\/wp-json\/wp\/v2\/comments?post=971"}],"version-history":[{"count":4,"href":"https:\/\/thehouseofmadrid.es\/zh\/wp-json\/wp\/v2\/pages\/971\/revisions"}],"predecessor-version":[{"id":991,"href":"https:\/\/thehouseofmadrid.es\/zh\/wp-json\/wp\/v2\/pages\/971\/revisions\/991"}],"wp:featuredmedia":[{"embeddable":true,"href":"https:\/\/thehouseofmadrid.es\/zh\/wp-json\/wp\/v2\/media\/269"}],"wp:attachment":[{"href":"https:\/\/thehouseofmadrid.es\/zh\/wp-json\/wp\/v2\/media?parent=971"}],"curies":[{"name":"wp","href":"https:\/\/api.w.org\/{rel}","templated":true}]}}