{"id":971,"date":"2026-03-13T13:41:38","date_gmt":"2026-03-13T13:41:38","guid":{"rendered":"https:\/\/thoa.thehouseofartists.es\/?page_id=971"},"modified":"2026-03-19T11:09:53","modified_gmt":"2026-03-19T11:09:53","slug":"aviso-legal","status":"publish","type":"page","link":"https:\/\/thehouseofmadrid.es\/en\/aviso-legal\/","title":{"rendered":"Legal Notice"},"content":{"rendered":"<div data-elementor-type=\"wp-page\" data-elementor-id=\"971\" class=\"elementor elementor-971\" data-elementor-post-type=\"page\">\n\t\t\t\t<div class=\"elementor-element elementor-element-5f3b6d28 e-flex e-con-boxed e-con e-parent\" data-id=\"5f3b6d28\" data-element_type=\"container\" data-settings=\"{&quot;background_background&quot;:&quot;slideshow&quot;,&quot;background_slideshow_gallery&quot;:[{&quot;id&quot;:166,&quot;url&quot;:&quot;https:\\\/\\\/thoa.thehouseofartists.es\\\/wp-content\\\/uploads\\\/2025\\\/06\\\/Copia-de-_DSC9030-scaled.jpg&quot;},{&quot;id&quot;:167,&quot;url&quot;:&quot;https:\\\/\\\/thoa.thehouseofartists.es\\\/wp-content\\\/uploads\\\/2025\\\/06\\\/Copia-de-_N9A6071.jpg&quot;},{&quot;id&quot;:169,&quot;url&quot;:&quot;https:\\\/\\\/thoa.thehouseofartists.es\\\/wp-content\\\/uploads\\\/2025\\\/06\\\/Copia-de-_DSC9067-scaled-1.jpg&quot;},{&quot;id&quot;:170,&quot;url&quot;:&quot;https:\\\/\\\/thoa.thehouseofartists.es\\\/wp-content\\\/uploads\\\/2025\\\/06\\\/Copia-de-_A4A4154-scaled.jpg&quot;}],&quot;background_slideshow_ken_burns&quot;:&quot;yes&quot;,&quot;background_slideshow_loop&quot;:&quot;yes&quot;,&quot;background_slideshow_slide_duration&quot;:5000,&quot;background_slideshow_slide_transition&quot;:&quot;fade&quot;,&quot;background_slideshow_transition_duration&quot;:500,&quot;background_slideshow_ken_burns_zoom_direction&quot;:&quot;in&quot;}\">\n\t\t\t\t\t<div class=\"e-con-inner\">\n\t\t<div class=\"elementor-element elementor-element-3ac276e5 e-con-full e-flex e-con e-child\" data-id=\"3ac276e5\" data-element_type=\"container\">\n\t\t<div class=\"elementor-element elementor-element-9568d3a e-con-full e-flex e-con e-child\" data-id=\"9568d3a\" data-element_type=\"container\">\n\t\t\t\t<div class=\"elementor-element elementor-element-63628b72 elementor-widget elementor-widget-elementskit-heading\" data-id=\"63628b72\" data-element_type=\"widget\" data-widget_type=\"elementskit-heading.default\">\n\t\t\t\t<div class=\"elementor-widget-container\">\n\t\t\t\t\t<div class=\"ekit-wid-con\" ><div class=\"ekit-heading elementskit-section-title-wraper text_left   ekit_heading_tablet-   ekit_heading_mobile-\"><h1 class=\"ekit-heading--title elementskit-section-title\">Legal Notice<\/h1><\/div><\/div>\t\t\t\t<\/div>\n\t\t\t\t<\/div>\n\t\t\t\t<\/div>\n\t\t\t\t<\/div>\n\t\t\t\t\t<\/div>\n\t\t\t\t<\/div>\n\t\t<div class=\"elementor-element elementor-element-2e03948 e-con-full e-flex e-con e-parent\" data-id=\"2e03948\" data-element_type=\"container\">\n\t\t<div class=\"elementor-element elementor-element-445efd5 e-con-full e-flex e-con e-child\" data-id=\"445efd5\" data-element_type=\"container\">\n\t\t\t\t<div class=\"elementor-element elementor-element-d527749 elementor-invisible elementor-widget elementor-widget-text-editor\" data-id=\"d527749\" data-element_type=\"widget\" data-settings=\"{&quot;_animation&quot;:&quot;fadeInUp&quot;}\" data-widget_type=\"text-editor.default\">\n\t\t\t\t<div class=\"elementor-widget-container\">\n\t\t\t\t\t\t\t\t\tUpdated on March 27, 2025\n<h2>1. Introduction<\/h2>\nWelcome to <a href=\"https:\/\/thehouseofmadrid.es\/en\/\">https:\/\/thehouseofmadrid.es<\/a>. By accessing and using this website, you agree to comply with the following terms and conditions. <a href=\"mailto:info@thehouseofmadrid.es\">info@thehouseofmadrid.es<\/a>.\n<h2>2. Website Usage<\/h2>\nAccess to our website is free. By using our site, you agree to provide truthful and accurate information.\n<h2>3. Registration<\/h2>\nTo access more information about our services, we request on our website that you comply with\n<h2>4. Privacy Policy<\/h2>\nWe are committed to protecting your privacy. Please see our **privacy policy** for more details.\n<h2>5. Intellectual Property<\/h2>\nAll content on the website, including text, graphics, logos, images and software, is the property of The House of Creativity.\n<h2>6. Links to Other Websites<\/h2>\nOur site may contain links to third-party websites. We have no control over the content of those sites.\n<h2>7. Modifications to Terms<\/h2>\nWe reserve the right to modify these terms and conditions at any time.\n<h2>8. Applicable Law<\/h2>\nThese terms and conditions shall be governed by and interpreted in accordance with the laws of **Spain**.\n<h2>9. Contact<\/h2>\nIf you have any questions about these terms and conditions, you can contact us at <a href=\"mailto:info@thehouseofmadrid.es\">info@thehouseofmadrid.es<\/a>.\t\t\t\t\t\t\t\t<\/div>\n\t\t\t\t<\/div>\n\t\t\t\t<\/div>\n\t\t\t\t<\/div>\n\t\t<div class=\"elementor-element elementor-element-bebe93d e-con-full e-flex e-con e-parent\" data-id=\"bebe93d\" data-element_type=\"container\" data-settings=\"{&quot;background_background&quot;:&quot;classic&quot;}\">\n\t\t<div class=\"elementor-element elementor-element-0a47722 e-flex e-con-boxed e-con e-child\" data-id=\"0a47722\" data-element_type=\"container\" data-settings=\"{&quot;background_background&quot;:&quot;classic&quot;}\">\n\t\t\t\t\t<div class=\"e-con-inner\">\n\t\t<div class=\"elementor-element elementor-element-e8f3293 e-con-full e-flex e-con e-child\" data-id=\"e8f3293\" data-element_type=\"container\">\n\t\t<div class=\"elementor-element elementor-element-545af8e e-con-full e-flex e-con e-child\" data-id=\"545af8e\" data-element_type=\"container\">\n\t\t\t\t<div class=\"elementor-element elementor-element-7efc226 elementor-widget elementor-widget-image\" data-id=\"7efc226\" data-element_type=\"widget\" data-widget_type=\"image.default\">\n\t\t\t\t<div class=\"elementor-widget-container\">\n\t\t\t\t\t\t\t\t\t\t\t\t\t\t\t\t<a href=\"#\">\n\t\t\t\t\t\t\t<img decoding=\"async\" src=\"https:\/\/thoa.thehouseofartists.es\/wp-content\/uploads\/2025\/06\/Isotipo-House-of-Artists-w.webp\" title=\"\" alt=\"Logotipo The House of Artist\" loading=\"lazy\" \/>\t\t\t\t\t\t\t\t<\/a>\n\t\t\t\t\t\t\t\t\t\t\t\t\t\t\t<\/div>\n\t\t\t\t<\/div>\n\t\t\t\t<div class=\"elementor-element elementor-element-b0d88cf elementor-widget elementor-widget-text-editor\" data-id=\"b0d88cf\" data-element_type=\"widget\" data-widget_type=\"text-editor.default\">\n\t\t\t\t<div class=\"elementor-widget-container\">\n\t\t\t\t\t\t\t\t\t<p>Student residence in Madrid<\/p>\t\t\t\t\t\t\t\t<\/div>\n\t\t\t\t<\/div>\n\t\t\t\t<div class=\"elementor-element elementor-element-aed7ff0 e-grid-align-left elementor-shape-rounded elementor-grid-0 elementor-widget elementor-widget-social-icons\" data-id=\"aed7ff0\" data-element_type=\"widget\" data-widget_type=\"social-icons.default\">\n\t\t\t\t<div class=\"elementor-widget-container\">\n\t\t\t\t\t\t\t<div class=\"elementor-social-icons-wrapper elementor-grid\" role=\"list\">\n\t\t\t\t\t\t\t<span class=\"elementor-grid-item\" role=\"listitem\">\n\t\t\t\t\t<a class=\"elementor-icon elementor-social-icon elementor-social-icon-instagram elementor-repeater-item-e19f0c7\" href=\"https:\/\/www.instagram.com\/thehouseofmadrid.es\" target=\"_blank\">\n\t\t\t\t\t\t<span class=\"elementor-screen-only\">Instagram<\/span>\n\t\t\t\t\t\t<svg class=\"e-font-icon-svg e-fab-instagram\" viewBox=\"0 0 448 512\" xmlns=\"http:\/\/www.w3.org\/2000\/svg\"><path d=\"M224.1 141c-63.6 0-114.9 51.3-114.9 114.9s51.3 114.9 114.9 114.9S339 319.5 339 255.9 287.7 141 224.1 141zm0 189.6c-41.1 0-74.7-33.5-74.7-74.7s33.5-74.7 74.7-74.7 74.7 33.5 74.7 74.7-33.6 74.7-74.7 74.7zm146.4-194.3c0 14.9-12 26.8-26.8 26.8-14.9 0-26.8-12-26.8-26.8s12-26.8 26.8-26.8 26.8 12 26.8 26.8zm76.1 27.2c-1.7-35.9-9.9-67.7-36.2-93.9-26.2-26.2-58-34.4-93.9-36.2-37-2.1-147.9-2.1-184.9 0-35.8 1.7-67.6 9.9-93.9 36.1s-34.4 58-36.2 93.9c-2.1 37-2.1 147.9 0 184.9 1.7 35.9 9.9 67.7 36.2 93.9s58 34.4 93.9 36.2c37 2.1 147.9 2.1 184.9 0 35.9-1.7 67.7-9.9 93.9-36.2 26.2-26.2 34.4-58 36.2-93.9 2.1-37 2.1-147.8 0-184.8zM398.8 388c-7.8 19.6-22.9 34.7-42.6 42.6-29.5 11.7-99.5 9-132.1 9s-102.7 2.6-132.1-9c-19.6-7.8-34.7-22.9-42.6-42.6-11.7-29.5-9-99.5-9-132.1s-2.6-102.7 9-132.1c7.8-19.6 22.9-34.7 42.6-42.6 29.5-11.7 99.5-9 132.1-9s102.7-2.6 132.1 9c19.6 7.8 34.7 22.9 42.6 42.6 11.7 29.5 9 99.5 9 132.1s2.7 102.7-9 132.1z\"><\/path><\/svg>\t\t\t\t\t<\/a>\n\t\t\t\t<\/span>\n\t\t\t\t\t\t\t<span class=\"elementor-grid-item\" role=\"listitem\">\n\t\t\t\t\t<a class=\"elementor-icon elementor-social-icon elementor-social-icon-tiktok elementor-repeater-item-c8beb12\" href=\"https:\/\/www.tiktok.com\/@thehouseofcreativ\" target=\"_blank\">\n\t\t\t\t\t\t<span class=\"elementor-screen-only\">TikTok<\/span>\n\t\t\t\t\t\t<svg class=\"e-font-icon-svg e-fab-tiktok\" viewBox=\"0 0 448 512\" xmlns=\"http:\/\/www.w3.org\/2000\/svg\"><path d=\"M448,209.91a210.06,210.06,0,0,1-122.77-39.25V349.38A162.55,162.55,0,1,1,185,188.31V278.2a74.62,74.62,0,1,0,52.23,71.18V0l88,0a121.18,121.18,0,0,0,1.86,22.17h0A122.18,122.18,0,0,0,381,102.39a121.43,121.43,0,0,0,67,20.14Z\"><\/path><\/svg>\t\t\t\t\t<\/a>\n\t\t\t\t<\/span>\n\t\t\t\t\t<\/div>\n\t\t\t\t\t\t<\/div>\n\t\t\t\t<\/div>\n\t\t\t\t<\/div>\n\t\t<div class=\"elementor-element elementor-element-8f92b5a e-con-full e-flex e-con e-child\" data-id=\"8f92b5a\" data-element_type=\"container\">\n\t\t\t\t<div class=\"elementor-element elementor-element-3cabdec elementor-widget elementor-widget-heading\" data-id=\"3cabdec\" data-element_type=\"widget\" data-widget_type=\"heading.default\">\n\t\t\t\t<div class=\"elementor-widget-container\">\n\t\t\t\t\t<h4 class=\"elementor-heading-title elementor-size-default\">Contact Information<\/h4>\t\t\t\t<\/div>\n\t\t\t\t<\/div>\n\t\t<div class=\"elementor-element elementor-element-2f915b0 e-con-full e-flex e-con e-child\" data-id=\"2f915b0\" data-element_type=\"container\">\n\t\t\t\t<div class=\"elementor-element elementor-element-3f1682a elementor-position-left elementor-mobile-position-left elementor-vertical-align-middle elementor-vertical-align-middle elementor-view-stacked elementor-shape-square elementor-widget elementor-widget-icon-box\" data-id=\"3f1682a\" data-element_type=\"widget\" data-widget_type=\"icon-box.default\">\n\t\t\t\t<div class=\"elementor-widget-container\">\n\t\t\t\t\t\t\t<div class=\"elementor-icon-box-wrapper\">\n\n\t\t\t\t\t\t<div class=\"elementor-icon-box-icon\">\n\t\t\t\t<a href=\"tel:+34611959286\" class=\"elementor-icon\" tabindex=\"-1\" aria-label=\"Phone\">\n\t\t\t\t<i aria-hidden=\"true\" class=\"icon icon-phone-handset\"><\/i>\t\t\t\t<\/a>\n\t\t\t<\/div>\n\t\t\t\n\t\t\t\t\t\t<div class=\"elementor-icon-box-content\">\n\n\t\t\t\t\t\t\t\t\t<h6 class=\"elementor-icon-box-title\">\n\t\t\t\t\t\t<a href=\"tel:+34611959286\" >\n\t\t\t\t\t\t\tPhone\t\t\t\t\t\t<\/a>\n\t\t\t\t\t<\/h6>\n\t\t\t\t\n\t\t\t\t\t\t\t\t\t<p class=\"elementor-icon-box-description\">\n\t\t\t\t\t\t<span style=\"font-size: 17.6px;\">+34 611 959 286<\/span>\t\t\t\t\t<\/p>\n\t\t\t\t\n\t\t\t<\/div>\n\t\t\t\n\t\t<\/div>\n\t\t\t\t\t\t<\/div>\n\t\t\t\t<\/div>\n\t\t\t\t<\/div>\n\t\t<div class=\"elementor-element elementor-element-538bba7 e-con-full e-flex e-con e-child\" data-id=\"538bba7\" data-element_type=\"container\">\n\t\t\t\t<div class=\"elementor-element elementor-element-5472a57 elementor-position-left elementor-mobile-position-left elementor-vertical-align-middle elementor-vertical-align-middle elementor-view-stacked elementor-shape-square elementor-widget elementor-widget-icon-box\" data-id=\"5472a57\" data-element_type=\"widget\" data-widget_type=\"icon-box.default\">\n\t\t\t\t<div class=\"elementor-widget-container\">\n\t\t\t\t\t\t\t<div class=\"elementor-icon-box-wrapper\">\n\n\t\t\t\t\t\t<div class=\"elementor-icon-box-icon\">\n\t\t\t\t<a href=\"mailto:reservas@thehouseofartists.es\" class=\"elementor-icon\" tabindex=\"-1\" aria-label=\"Email \">\n\t\t\t\t<i aria-hidden=\"true\" class=\"icon icon-email\"><\/i>\t\t\t\t<\/a>\n\t\t\t<\/div>\n\t\t\t\n\t\t\t\t\t\t<div class=\"elementor-icon-box-content\">\n\n\t\t\t\t\t\t\t\t\t<h6 class=\"elementor-icon-box-title\">\n\t\t\t\t\t\t<a href=\"mailto:reservas@thehouseofartists.es\" >\n\t\t\t\t\t\t\tEmail \t\t\t\t\t\t<\/a>\n\t\t\t\t\t<\/h6>\n\t\t\t\t\n\t\t\t\t\t\t\t\t\t<p class=\"elementor-icon-box-description\">\n\t\t\t\t\t\treservas@thehouseofartists.es\t\t\t\t\t<\/p>\n\t\t\t\t\n\t\t\t<\/div>\n\t\t\t\n\t\t<\/div>\n\t\t\t\t\t\t<\/div>\n\t\t\t\t<\/div>\n\t\t\t\t<\/div>\n\t\t<div class=\"elementor-element elementor-element-6fcf82d e-con-full e-flex e-con e-child\" data-id=\"6fcf82d\" data-element_type=\"container\">\n\t\t\t\t<div class=\"elementor-element elementor-element-98f2df0 elementor-position-left elementor-mobile-position-left elementor-vertical-align-middle elementor-vertical-align-middle elementor-view-default elementor-widget elementor-widget-icon-box\" data-id=\"98f2df0\" data-element_type=\"widget\" data-widget_type=\"icon-box.default\">\n\t\t\t\t<div class=\"elementor-widget-container\">\n\t\t\t\t\t\t\t<div class=\"elementor-icon-box-wrapper\">\n\n\t\t\t\t\t\t<div class=\"elementor-icon-box-icon\">\n\t\t\t\t<span  class=\"elementor-icon\">\n\t\t\t\t<i aria-hidden=\"true\" class=\"icon icon-location\"><\/i>\t\t\t\t<\/span>\n\t\t\t<\/div>\n\t\t\t\n\t\t\t\t\t\t<div class=\"elementor-icon-box-content\">\n\n\t\t\t\t\t\t\t\t\t<h6 class=\"elementor-icon-box-title\">\n\t\t\t\t\t\t<span  >\n\t\t\t\t\t\t\tAddress\t\t\t\t\t\t<\/span>\n\t\t\t\t\t<\/h6>\n\t\t\t\t\n\t\t\t\t\t\t\t\t\t<p class=\"elementor-icon-box-description\">\n\t\t\t\t\t\tC\/ Don Ram\u00f3n de la Cruz, 67. <br>28001 Madrid \t\t\t\t\t<\/p>\n\t\t\t\t\n\t\t\t<\/div>\n\t\t\t\n\t\t<\/div>\n\t\t\t\t\t\t<\/div>\n\t\t\t\t<\/div>\n\t\t\t\t<\/div>\n\t\t\t\t<\/div>\n\t\t\t\t<\/div>\n\t\t<div class=\"elementor-element elementor-element-11538bd e-con-full e-flex e-con e-child\" data-id=\"11538bd\" data-element_type=\"container\">\n\t\t\t\t<div class=\"elementor-element elementor-element-f1bae51 elementor-widget elementor-widget-heading\" data-id=\"f1bae51\" data-element_type=\"widget\" data-widget_type=\"heading.default\">\n\t\t\t\t<div class=\"elementor-widget-container\">\n\t\t\t\t\t<div class=\"elementor-heading-title elementor-size-default\">Copyright \u00a9 2026 The House of Artists. All rights reserved <\/div>\t\t\t\t<\/div>\n\t\t\t\t<\/div>\n\t\t\t\t<div class=\"elementor-element elementor-element-f065ac1 elementor-icon-list--layout-inline elementor-mobile-align-center elementor-list-item-link-full_width elementor-widget elementor-widget-icon-list\" data-id=\"f065ac1\" data-element_type=\"widget\" data-widget_type=\"icon-list.default\">\n\t\t\t\t<div class=\"elementor-widget-container\">\n\t\t\t\t\t\t\t<ul class=\"elementor-icon-list-items elementor-inline-items\">\n\t\t\t\t\t\t\t<li class=\"elementor-icon-list-item elementor-inline-item\">\n\t\t\t\t\t\t\t\t\t\t\t<a href=\"\/en\/aviso-legal\/\">\n\n\t\t\t\t\t\t\t\t\t\t\t<span class=\"elementor-icon-list-text\">Legal Notice<\/span>\n\t\t\t\t\t\t\t\t\t\t\t<\/a>\n\t\t\t\t\t\t\t\t\t<\/li>\n\t\t\t\t\t\t\t\t<li class=\"elementor-icon-list-item elementor-inline-item\">\n\t\t\t\t\t\t\t\t\t\t\t<a href=\"\/en\/politica-de-privacidad\/\">\n\n\t\t\t\t\t\t\t\t\t\t\t<span class=\"elementor-icon-list-text\">Privacy Policy<\/span>\n\t\t\t\t\t\t\t\t\t\t\t<\/a>\n\t\t\t\t\t\t\t\t\t<\/li>\n\t\t\t\t\t\t\t\t<li class=\"elementor-icon-list-item elementor-inline-item\">\n\t\t\t\t\t\t\t\t\t\t\t<a href=\"\/en\/politica-de-cookies-ue\/\">\n\n\t\t\t\t\t\t\t\t\t\t\t<span class=\"elementor-icon-list-text\"> Cookie Policy<\/span>\n\t\t\t\t\t\t\t\t\t\t\t<\/a>\n\t\t\t\t\t\t\t\t\t<\/li>\n\t\t\t\t\t\t<\/ul>\n\t\t\t\t\t\t<\/div>\n\t\t\t\t<\/div>\n\t\t\t\t<\/div>\n\t\t\t\t\t<\/div>\n\t\t\t\t<\/div>\n\t\t\t\t<\/div>\n\t\t\t\t<\/div>","protected":false},"excerpt":{"rendered":"<p>Aviso Legal Actualizado el 27 de marzo de 2025 1. Introducci\u00f3n Bienvenido a https:\/\/thehouseofmadrid.es. Al acceder y utilizar este sitio web, aceptas cumplir con los siguientes t\u00e9rminos y condiciones. Si no est\u00e1s de acuerdo con estos t\u00e9rminos y condiciones en su totalidad o en parte, no debes utilizar nuestro sitio web para contratar nuestros servicios. [&hellip;]<\/p>","protected":false},"author":2,"featured_media":269,"parent":0,"menu_order":0,"comment_status":"closed","ping_status":"closed","template":"","meta":{"footnotes":""},"class_list":["post-971","page","type-page","status-publish","has-post-thumbnail","hentry"],"yoast_head":"<!-- This site is optimized with the Yoast SEO plugin v25.3.1 - https:\/\/yoast.com\/wordpress\/plugins\/seo\/ -->\n<title>Student Residence Madrid - The House of Madrid - Last Spots Available<\/title>\n<meta name=\"description\" content=\"Stay from just \u20ac1,034\/month \u2014 private rooms, all-inclusive services, and a vibrant student community in Madrid&#039;s best neighborhood\" \/>\n<meta name=\"robots\" content=\"index, follow, max-snippet:-1, max-image-preview:large, max-video-preview:-1\" \/>\n<link rel=\"canonical\" href=\"https:\/\/thehouseofmadrid.es\/en\/aviso-legal\/\" \/>\n<meta property=\"og:locale\" content=\"en_US\" \/>\n<meta property=\"og:type\" content=\"article\" \/>\n<meta property=\"og:title\" content=\"Student Residence Madrid - The House of Madrid - Last Spots Available\" \/>\n<meta property=\"og:description\" content=\"Stay from just \u20ac1,034\/month \u2014 private rooms, all-inclusive services, and a vibrant student community in Madrid&#039;s best neighborhood\" \/>\n<meta property=\"og:url\" content=\"https:\/\/thehouseofmadrid.es\/en\/aviso-legal\/\" \/>\n<meta property=\"og:site_name\" content=\"The House of Madrid\" \/>\n<meta property=\"article:modified_time\" content=\"2026-03-19T11:09:53+00:00\" \/>\n<meta property=\"og:image\" content=\"https:\/\/thehouseofmadrid.es\/wp-content\/uploads\/2025\/06\/THOC_4.png\" \/>\n\t<meta property=\"og:image:width\" content=\"1186\" \/>\n\t<meta property=\"og:image:height\" content=\"596\" \/>\n\t<meta property=\"og:image:type\" content=\"image\/png\" \/>\n<meta name=\"twitter:card\" content=\"summary_large_image\" \/>\n<meta name=\"twitter:label1\" content=\"Est. reading time\" \/>\n\t<meta name=\"twitter:data1\" content=\"3 minutes\" \/>\n<script type=\"application\/ld+json\" class=\"yoast-schema-graph\">{\"@context\":\"https:\/\/schema.org\",\"@graph\":[{\"@type\":\"WebPage\",\"@id\":\"https:\/\/thehouseofmadrid.es\/aviso-legal\/\",\"url\":\"https:\/\/thehouseofmadrid.es\/aviso-legal\/\",\"name\":\"Residencia Estudiantes Madrid - The House of Madrid - \u00daltimas Plazas\",\"isPartOf\":{\"@id\":\"https:\/\/thehouseofmadrid.es\/#website\"},\"primaryImageOfPage\":{\"@id\":\"https:\/\/thehouseofmadrid.es\/aviso-legal\/#primaryimage\"},\"image\":{\"@id\":\"https:\/\/thehouseofmadrid.es\/aviso-legal\/#primaryimage\"},\"thumbnailUrl\":\"https:\/\/thehouseofmadrid.es\/wp-content\/uploads\/2025\/06\/THOC_4.png\",\"datePublished\":\"2026-03-13T13:41:38+00:00\",\"dateModified\":\"2026-03-19T11:09:53+00:00\",\"description\":\"Al\u00f3jate desde solo 1348 \u20ac\/mes \u2014 estudios privados, servicios todo incluido y una comunidad estudiantil vibrante en el mejor barrio de Madrid\",\"breadcrumb\":{\"@id\":\"https:\/\/thehouseofmadrid.es\/aviso-legal\/#breadcrumb\"},\"inLanguage\":\"en-US\",\"potentialAction\":[{\"@type\":\"ReadAction\",\"target\":[\"https:\/\/thehouseofmadrid.es\/aviso-legal\/\"]}]},{\"@type\":\"ImageObject\",\"inLanguage\":\"en-US\",\"@id\":\"https:\/\/thehouseofmadrid.es\/aviso-legal\/#primaryimage\",\"url\":\"https:\/\/thehouseofmadrid.es\/wp-content\/uploads\/2025\/06\/THOC_4.png\",\"contentUrl\":\"https:\/\/thehouseofmadrid.es\/wp-content\/uploads\/2025\/06\/THOC_4.png\",\"width\":1186,\"height\":596},{\"@type\":\"BreadcrumbList\",\"@id\":\"https:\/\/thehouseofmadrid.es\/aviso-legal\/#breadcrumb\",\"itemListElement\":[{\"@type\":\"ListItem\",\"position\":1,\"name\":\"Portada\",\"item\":\"https:\/\/thehouseofmadrid.es\/\"},{\"@type\":\"ListItem\",\"position\":2,\"name\":\"Aviso Legal\"}]},{\"@type\":\"WebSite\",\"@id\":\"https:\/\/thehouseofmadrid.es\/#website\",\"url\":\"https:\/\/thehouseofmadrid.es\/\",\"name\":\"The House of Madrid\",\"description\":\"Student Residence in Madrid\",\"potentialAction\":[{\"@type\":\"SearchAction\",\"target\":{\"@type\":\"EntryPoint\",\"urlTemplate\":\"https:\/\/thehouseofmadrid.es\/?s={search_term_string}\"},\"query-input\":{\"@type\":\"PropertyValueSpecification\",\"valueRequired\":true,\"valueName\":\"search_term_string\"}}],\"inLanguage\":\"en-US\"}]}<\/script>\n<!-- \/ Yoast SEO plugin. -->","yoast_head_json":{"title":"Student Residence Madrid - The House of Madrid - Last Spots Available","description":"Stay from just \u20ac1,034\/month \u2014 private rooms, all-inclusive services, and a vibrant student community in Madrid's best neighborhood","robots":{"index":"index","follow":"follow","max-snippet":"max-snippet:-1","max-image-preview":"max-image-preview:large","max-video-preview":"max-video-preview:-1"},"canonical":"https:\/\/thehouseofmadrid.es\/en\/aviso-legal\/","og_locale":"en_US","og_type":"article","og_title":"Student Residence Madrid - The House of Madrid - Last Spots Available","og_description":"Stay from just \u20ac1,034\/month \u2014 private rooms, all-inclusive services, and a vibrant student community in Madrid's best neighborhood","og_url":"https:\/\/thehouseofmadrid.es\/en\/aviso-legal\/","og_site_name":"The House of Madrid","article_modified_time":"2026-03-19T11:09:53+00:00","og_image":[{"width":1186,"height":596,"url":"https:\/\/thehouseofmadrid.es\/wp-content\/uploads\/2025\/06\/THOC_4.png","type":"image\/png"}],"twitter_card":"summary_large_image","twitter_misc":{"Est. reading time":"3 minutes"},"schema":{"@context":"https:\/\/schema.org","@graph":[{"@type":"WebPage","@id":"https:\/\/thehouseofmadrid.es\/aviso-legal\/","url":"https:\/\/thehouseofmadrid.es\/aviso-legal\/","name":"Student Residence Madrid - The House of Madrid - Last Rooms Available","isPartOf":{"@id":"https:\/\/thehouseofmadrid.es\/#website"},"primaryImageOfPage":{"@id":"https:\/\/thehouseofmadrid.es\/aviso-legal\/#primaryimage"},"image":{"@id":"https:\/\/thehouseofmadrid.es\/aviso-legal\/#primaryimage"},"thumbnailUrl":"https:\/\/thehouseofmadrid.es\/wp-content\/uploads\/2025\/06\/THOC_4.png","datePublished":"2026-03-13T13:41:38+00:00","dateModified":"2026-03-19T11:09:53+00:00","description":"Stay from just \u20ac1,348\/month \u2014 private rooms, all-inclusive services, and a vibrant student community in Madrid's best neighborhood","breadcrumb":{"@id":"https:\/\/thehouseofmadrid.es\/aviso-legal\/#breadcrumb"},"inLanguage":"en-US","potentialAction":[{"@type":"ReadAction","target":["https:\/\/thehouseofmadrid.es\/aviso-legal\/"]}]},{"@type":"ImageObject","inLanguage":"en-US","@id":"https:\/\/thehouseofmadrid.es\/aviso-legal\/#primaryimage","url":"https:\/\/thehouseofmadrid.es\/wp-content\/uploads\/2025\/06\/THOC_4.png","contentUrl":"https:\/\/thehouseofmadrid.es\/wp-content\/uploads\/2025\/06\/THOC_4.png","width":1186,"height":596},{"@type":"BreadcrumbList","@id":"https:\/\/thehouseofmadrid.es\/aviso-legal\/#breadcrumb","itemListElement":[{"@type":"ListItem","position":1,"name":"Portada","item":"https:\/\/thehouseofmadrid.es\/"},{"@type":"ListItem","position":2,"name":"Aviso Legal"}]},{"@type":"WebSite","@id":"https:\/\/thehouseofmadrid.es\/#website","url":"https:\/\/thehouseofmadrid.es\/","name":"The House of Madrid","description":"Student Residence in Madrid","potentialAction":[{"@type":"SearchAction","target":{"@type":"EntryPoint","urlTemplate":"https:\/\/thehouseofmadrid.es\/?s={search_term_string}"},"query-input":{"@type":"PropertyValueSpecification","valueRequired":true,"valueName":"search_term_string"}}],"inLanguage":"en-US"}]}},"_links":{"self":[{"href":"https:\/\/thehouseofmadrid.es\/en\/wp-json\/wp\/v2\/pages\/971","targetHints":{"allow":["GET"]}}],"collection":[{"href":"https:\/\/thehouseofmadrid.es\/en\/wp-json\/wp\/v2\/pages"}],"about":[{"href":"https:\/\/thehouseofmadrid.es\/en\/wp-json\/wp\/v2\/types\/page"}],"author":[{"embeddable":true,"href":"https:\/\/thehouseofmadrid.es\/en\/wp-json\/wp\/v2\/users\/2"}],"replies":[{"embeddable":true,"href":"https:\/\/thehouseofmadrid.es\/en\/wp-json\/wp\/v2\/comments?post=971"}],"version-history":[{"count":4,"href":"https:\/\/thehouseofmadrid.es\/en\/wp-json\/wp\/v2\/pages\/971\/revisions"}],"predecessor-version":[{"id":991,"href":"https:\/\/thehouseofmadrid.es\/en\/wp-json\/wp\/v2\/pages\/971\/revisions\/991"}],"wp:featuredmedia":[{"embeddable":true,"href":"https:\/\/thehouseofmadrid.es\/en\/wp-json\/wp\/v2\/media\/269"}],"wp:attachment":[{"href":"https:\/\/thehouseofmadrid.es\/en\/wp-json\/wp\/v2\/media?parent=971"}],"curies":[{"name":"wp","href":"https:\/\/api.w.org\/{rel}","templated":true}]}}